{"id":835,"date":"2022-01-13T09:31:42","date_gmt":"2022-01-13T09:31:42","guid":{"rendered":"https:\/\/www.ozguralpaslan.av.tr\/?page_id=835"},"modified":"2022-02-12T12:13:01","modified_gmt":"2022-02-12T12:13:01","slug":"ozguralpaslan","status":"publish","type":"page","link":"https:\/\/www.ozguralpaslan.av.tr\/tr\/ozguralpaslan\/","title":{"rendered":"\u00d6zg\u00fcr Alpaslan"},"content":{"rendered":"[et_pb_section fb_built=&#8221;1&#8243; admin_label=&#8221;section&#8221; _builder_version=&#8221;3.22&#8243; custom_padding=&#8221;55px||55px|||&#8221; global_colors_info=&#8221;{}&#8221;][et_pb_row column_structure=&#8221;1_2,1_2&#8243; admin_label=&#8221;row&#8221; _builder_version=&#8221;3.25&#8243; background_size=&#8221;initial&#8221; background_position=&#8221;top_left&#8221; background_repeat=&#8221;repeat&#8221; custom_padding=&#8221;33px||68px||false|&#8221; global_colors_info=&#8221;{}&#8221;][et_pb_column type=&#8221;1_2&#8243; _builder_version=&#8221;3.25&#8243; custom_padding=&#8221;|||&#8221; global_colors_info=&#8221;{}&#8221; custom_padding__hover=&#8221;|||&#8221;][et_pb_image src=&#8221;https:\/\/www.ozguralpaslan.av.tr\/wp-content\/uploads\/2022\/02\/ozgur-min-scaled.jpg&#8221; title_text=&#8221;\u00f6zg\u00fcr-min&#8221; _builder_version=&#8221;4.14.7&#8243; _module_preset=&#8221;default&#8221; custom_margin=&#8221;59px||59px||true|&#8221; custom_padding=&#8221;||0px|||&#8221; global_colors_info=&#8221;{}&#8221;][\/et_pb_image][et_pb_text _builder_version=&#8221;4.14.7&#8243; _module_preset=&#8221;default&#8221; custom_padding=&#8221;|34px|14px|18px||&#8221; hover_enabled=&#8221;0&#8243; global_colors_info=&#8221;{}&#8221; sticky_enabled=&#8221;0&#8243;]<h2 style=\"text-align: center;\"><span style=\"color: #474747;\"><\/span><span style=\"color: #474747;\">Kurucu Avukat<\/span><\/h2>[\/et_pb_text][et_pb_text _builder_version=&#8221;4.14.7&#8243; _module_preset=&#8221;default&#8221; header_text_align=&#8221;left&#8221; custom_margin=&#8221;-39px|||||&#8221; custom_padding=&#8221;18px|86px||86px||true&#8221; global_colors_info=&#8221;{}&#8221;]<h1 style=\"text-align: center;\"><span style=\"color: #474747;\"><\/span><span style=\"color: #474747;\">\u00d6zg\u00fcr ALPASLAN<\/span><\/h1>[\/et_pb_text][\/et_pb_column][et_pb_column type=&#8221;1_2&#8243; _builder_version=&#8221;3.25&#8243; custom_padding=&#8221;|||&#8221; global_colors_info=&#8221;{}&#8221; custom_padding__hover=&#8221;|||&#8221;][et_pb_text _builder_version=&#8221;4.14.5&#8243; _module_preset=&#8221;default&#8221; custom_margin=&#8221;110px||110px||true|&#8221; global_colors_info=&#8221;{}&#8221;]<p><strong>E\u011fitim<br \/><\/strong>Akdeniz \u00dcniversitesi Hukuk Fak\u00fcltesi, Lisans, Antalya, 2009<\/p>\n<p><!-- \/wp:post-content --><\/p>\n<p><!-- wp:paragraph --><\/p>\n<p><strong>Baro Kayd\u0131<br \/><\/strong>Eski\u015fehir Barosu, 2009<\/p>\n<p><!-- \/wp:paragraph --><\/p>\n<p><!-- wp:paragraph --><\/p>\n<p><strong>Konu\u015ftu\u011fu Diller<br \/><\/strong>T\u00fcrk\u00e7e, \u0130ngilizce, Almanca<\/p>\n<p><!-- \/wp:paragraph --><\/p>\n<p><!-- wp:paragraph --><\/p>\n<p><strong>Uzmanl\u0131k Alanlar\u0131<br \/><\/strong>Ticari Davalar<br \/>Konkordato<br \/>\u015eirketler Hukuku<br \/>\u0130cra \u0130flas Hukuku<br \/>FYY (Finansal Yeniden Yap\u0131land\u0131rma)<\/p>[\/et_pb_text][et_pb_social_media_follow follow_button=&#8221;on&#8221; _builder_version=&#8221;4.14.7&#8243; _module_preset=&#8221;default&#8221; global_colors_info=&#8221;{}&#8221;][et_pb_social_media_follow_network social_network=&#8221;linkedin&#8221; url=&#8221;https:\/\/www.linkedin.com\/in\/%C3%B6zg%C3%BCr-alpaslan-b85830228\/&#8221; _builder_version=&#8221;4.14.7&#8243; _module_preset=&#8221;default&#8221; background_color=&#8221;#007bb6&#8243; global_colors_info=&#8221;{}&#8221; follow_button=&#8221;on&#8221; url_new_window=&#8221;on&#8221;]linkedin[\/et_pb_social_media_follow_network][\/et_pb_social_media_follow][\/et_pb_column][\/et_pb_row][\/et_pb_section]","protected":false},"excerpt":{"rendered":"<p>Kurucu Avukat\u00d6zg\u00fcr ALPASLANE\u011fitimAkdeniz \u00dcniversitesi Hukuk Fak\u00fcltesi, Lisans, Antalya, 2009 Baro Kayd\u0131Eski\u015fehir Barosu, 2009 Konu\u015ftu\u011fu DillerT\u00fcrk\u00e7e, \u0130ngilizce, Almanca Uzmanl\u0131k Alanlar\u0131Ticari DavalarKonkordato\u015eirketler Hukuku\u0130cra \u0130flas HukukuFYY (Finansal Yeniden Yap\u0131land\u0131rma)<\/p>\n","protected":false},"author":1,"featured_media":0,"parent":0,"menu_order":0,"comment_status":"closed","ping_status":"closed","template":"","meta":{"_et_pb_use_builder":"on","_et_pb_old_content":"<!-- wp:columns -->\n<div class=\"wp-block-columns\"><!-- wp:column {\"width\":\"100%\"} -->\n<div class=\"wp-block-column\" style=\"flex-basis:100%\"><!-- wp:media-text {\"mediaId\":532,\"mediaType\":\"image\",\"verticalAlignment\":\"top\"} -->\n<div class=\"wp-block-media-text alignwide is-stacked-on-mobile is-vertically-aligned-top\"><figure class=\"wp-block-media-text__media\"><img src=\"https:\/\/www.ozguralpaslan.av.tr\/wp-content\/uploads\/2021\/12\/OZGUR-ALPASLAN-2.jpg\" alt=\"\" class=\"wp-image-532 size-full\"\/><\/figure><div class=\"wp-block-media-text__content\"><!-- wp:paragraph -->\n<p><strong>E\u011fitim<br><\/strong>Akdeniz \u00dcniversitesi Hukuk Fak\u00fcltesi, Lisans, Antalya, 2009.<\/p>\n<!-- \/wp:paragraph -->\n\n<!-- wp:paragraph -->\n<p><strong>Baro Kayd\u0131<br><\/strong>Eski\u015fehir Barosu, 2010.<\/p>\n<!-- \/wp:paragraph -->\n\n<!-- wp:paragraph -->\n<p><strong>Konu\u015ftu\u011fu Diller<br><\/strong>T\u00fcrk\u00e7e, \u0130ngilizce, Almanca<\/p>\n<!-- \/wp:paragraph -->\n\n<!-- wp:paragraph -->\n<p><strong>Uzmanl\u0131k Alanlar\u0131<br><\/strong>Ticari Davalar<br>Konkordato<br>\u015eirketler Hukuku<br>\u0130cra \u0130flas Hukuku<\/p>\n<!-- \/wp:paragraph --><\/div><\/div>\n<!-- \/wp:media-text --><\/div>\n<!-- \/wp:column --><\/div>\n<!-- \/wp:columns -->","_et_gb_content_width":"","_joinchat":[],"footnotes":""},"class_list":["post-835","page","type-page","status-publish","hentry"],"jetpack_sharing_enabled":true,"_links":{"self":[{"href":"https:\/\/www.ozguralpaslan.av.tr\/tr\/wp-json\/wp\/v2\/pages\/835","targetHints":{"allow":["GET"]}}],"collection":[{"href":"https:\/\/www.ozguralpaslan.av.tr\/tr\/wp-json\/wp\/v2\/pages"}],"about":[{"href":"https:\/\/www.ozguralpaslan.av.tr\/tr\/wp-json\/wp\/v2\/types\/page"}],"author":[{"embeddable":true,"href":"https:\/\/www.ozguralpaslan.av.tr\/tr\/wp-json\/wp\/v2\/users\/1"}],"replies":[{"embeddable":true,"href":"https:\/\/www.ozguralpaslan.av.tr\/tr\/wp-json\/wp\/v2\/comments?post=835"}],"version-history":[{"count":27,"href":"https:\/\/www.ozguralpaslan.av.tr\/tr\/wp-json\/wp\/v2\/pages\/835\/revisions"}],"predecessor-version":[{"id":1790,"href":"https:\/\/www.ozguralpaslan.av.tr\/tr\/wp-json\/wp\/v2\/pages\/835\/revisions\/1790"}],"wp:attachment":[{"href":"https:\/\/www.ozguralpaslan.av.tr\/tr\/wp-json\/wp\/v2\/media?parent=835"}],"curies":[{"name":"wp","href":"https:\/\/api.w.org\/{rel}","templated":true}]}}