{"id":708,"date":"2022-01-12T15:51:34","date_gmt":"2022-01-12T15:51:34","guid":{"rendered":"https:\/\/www.ozguralpaslan.av.tr\/?page_id=708"},"modified":"2023-11-22T11:23:08","modified_gmt":"2023-11-22T11:23:08","slug":"kariyer","status":"publish","type":"page","link":"https:\/\/www.ozguralpaslan.av.tr\/tr\/kariyer\/","title":{"rendered":"Kariyer"},"content":{"rendered":"<p>[et_pb_section fb_built=&#8221;1&#8243; _builder_version=&#8221;4.16&#8243; _module_preset=&#8221;default&#8221; custom_padding=&#8221;3px||3px||true|&#8221; global_colors_info=&#8221;{}&#8221; use_background_color_gradient=&#8221;on&#8221; background_color_gradient_stops=&#8221;#ac7658 0%|rgba(255,255,255,0) 100%&#8221; background_color_gradient_start=&#8221;#ac7658&#8243; background_color_gradient_end=&#8221;rgba(255,255,255,0)&#8221; top_divider_style=&#8221;arrow3&#8243; top_divider_color=&#8221;#FFFFFF&#8221; top_divider_height=&#8221;77px&#8221; da_is_popup=&#8221;off&#8221; da_exit_intent=&#8221;off&#8221; da_has_close=&#8221;on&#8221; da_alt_close=&#8221;off&#8221; da_dark_close=&#8221;off&#8221; da_not_modal=&#8221;on&#8221; da_is_singular=&#8221;off&#8221; da_with_loader=&#8221;off&#8221; da_has_shadow=&#8221;on&#8221; da_disable_devices=&#8221;off|off|off&#8221;][et_pb_row _builder_version=&#8221;4.16&#8243; _module_preset=&#8221;default&#8221; custom_padding=&#8221;49px|||0px||&#8221; global_colors_info=&#8221;{}&#8221;][et_pb_column type=&#8221;4_4&#8243; _builder_version=&#8221;4.16&#8243; _module_preset=&#8221;default&#8221; global_colors_info=&#8221;{}&#8221;][et_pb_text _builder_version=&#8221;4.16&#8243; _module_preset=&#8221;default&#8221; text_font=&#8221;|600|||||||&#8221; text_font_size=&#8221;18px&#8221; header_font=&#8221;|600|||||||&#8221; header_text_color=&#8221;#474747&#8243; header_font_size=&#8221;44px&#8221; text_orientation=&#8221;center&#8221; background_layout=&#8221;dark&#8221; text_text_shadow_style=&#8221;preset1&#8243; text_text_shadow_color=&#8221;#000000&#8243; header_text_shadow_style=&#8221;preset4&#8243; header_text_shadow_blur_strength=&#8221;0.31em&#8221; global_colors_info=&#8221;{}&#8221;]<\/p>\n<h1><span style=\"color: #ac7658;\">Kariyer<\/span><\/h1>\n<p>[\/et_pb_text][\/et_pb_column][\/et_pb_row][\/et_pb_section][et_pb_section fb_built=&#8221;1&#8243; _builder_version=&#8221;4.16&#8243; custom_padding=&#8221;0px|0px|50px|0px|false|false&#8221; global_colors_info=&#8221;{}&#8221; da_is_popup=&#8221;off&#8221; da_exit_intent=&#8221;off&#8221; da_has_close=&#8221;on&#8221; da_alt_close=&#8221;off&#8221; da_dark_close=&#8221;off&#8221; da_not_modal=&#8221;on&#8221; da_is_singular=&#8221;off&#8221; da_with_loader=&#8221;off&#8221; da_has_shadow=&#8221;on&#8221; da_disable_devices=&#8221;off|off|off&#8221;][et_pb_row use_custom_gutter=&#8221;on&#8221; _builder_version=&#8221;4.16&#8243; _module_preset=&#8221;default&#8221; background_color=&#8221;#FFFFFF&#8221; background_blend=&#8221;multiply&#8221; custom_margin=&#8221;15px|auto||auto|false|false&#8221; custom_margin_tablet=&#8221;0px|||&#8221; custom_margin_phone=&#8221;&#8221; custom_margin_last_edited=&#8221;on|tablet&#8221; custom_padding=&#8221;0px|2.1%|0px|2.1%|true|true&#8221; border_radii=&#8221;on|15px|15px|15px|15px&#8221; border_width_top=&#8221;5px&#8221; border_color_top=&#8221;#8F8F8F&#8221; global_colors_info=&#8221;{}&#8221;][et_pb_column type=&#8221;4_4&#8243; _builder_version=&#8221;4.16&#8243; _module_preset=&#8221;default&#8221; global_colors_info=&#8221;{}&#8221;][et_pb_text _builder_version=&#8221;4.16&#8243; _module_preset=&#8221;default&#8221; custom_padding=&#8221;48px||48px||true|&#8221; global_colors_info=&#8221;{}&#8221;]<\/p>\n<p style=\"text-align: justify;\">Ziyaret\u00e7iler, sitemizin Kariyer b\u00f6l\u00fcm\u00fcne \u00f6zge\u00e7mi\u015f bilgilerini b\u0131rakarak, Alpaslan Hukuk B\u00fcrosu&#8217;nun bir par\u00e7as\u0131 olma isteklerini bize iletebilirler.<\/p>\n<p style=\"text-align: justify;\">Gizlili\u011finiz bizim i\u00e7in \u00f6nemlidir. \u0130\u015fbu Aday Gizlilik Bildirimi, i\u015f ba\u015fvuru ve i\u015fe al\u0131m s\u00fcre\u00e7leri kapsam\u0131nda bize sa\u011flam\u0131\u015f oldu\u011funuz ki\u015fisel verilerinizi,Alpaslan Hukuk B\u00fcrosu olarak 6698 say\u0131l\u0131 Ki\u015fisel Verilerin Korunmas\u0131 Kanunu (KVKK) kapsam\u0131nda nas\u0131l i\u015fledi\u011fimizi a\u00e7\u0131klamaktad\u0131r.<\/p>\n<p style=\"text-align: justify;\">Ki\u015fisel verilerinizi, i\u015f ba\u015fvuru s\u00fcre\u00e7lerinin y\u00fcr\u00fct\u00fclmesi, i\u015fleme al\u0131nmas\u0131, de\u011ferlendirilmesi ve genel i\u015fe al\u0131m s\u00fcre\u00e7lerinin ger\u00e7ekle\u015ftirilmesi ve bu kapsamda sizlerle ileti\u015fime ge\u00e7ilmesi amac\u0131yla, me\u015fru menfaatlerimize dayanarak i\u015flemekteyiz. \u0130\u015f ba\u015fvurunuz olumsuz sonu\u00e7land\u0131\u011f\u0131 takdirde, bilgilerinizi KVKK\u2019ya uygun olarak makul bir s\u00fcre boyunca saklayaca\u011f\u0131z. Ki\u015fisel verileriniz ayr\u0131ca, ilerleyen d\u00f6nemde sizin i\u00e7in uygun olabilece\u011fini d\u00fc\u015f\u00fcnd\u00fc\u011f\u00fcm\u00fcz a\u00e7\u0131k pozisyonlar olmas\u0131 durumunda sizinle tekrar irtibata ge\u00e7ilmesi amac\u0131yla kullan\u0131labilir. Ki\u015fisel verileriniz, mevzuat h\u00fck\u00fcmlerinin izin verdi\u011fi kurum veya kurulu\u015flar ile payla\u015f\u0131labilecektir.<\/p>\n<p style=\"text-align: justify;\">Alpaslan Hukuk B\u00fcrosu olarak, ofisimize veya internet sitemize yapt\u0131\u011f\u0131n\u0131z ziyaretler s\u0131ras\u0131nda, fiziksel veya \u00e7evrimi\u00e7i ba\u015fvuru formlar\u0131, y\u00fcz y\u00fcze g\u00f6r\u00fc\u015fmeler ve benzeri s\u00f6zl\u00fc, yaz\u0131l\u0131 ya da elektronik vas\u0131talarla a\u015fa\u011f\u0131daki bilgileri toplamaktay\u0131z:<\/p>\n<ul>\n<li style=\"list-style-type: none;\">\n<ul>\n<li style=\"list-style-type: none;\">\n<ul style=\"text-align: justify;\">\n<li>Ad, soy ad, ileti\u015fim bilgileriniz,<\/li>\n<li>E\u011fitim, staj ve kariyer geli\u015fiminize ili\u015fkin bilgiler,<\/li>\n<li>\u0130stihdama uygunlu\u011funuzu denetlemek amac\u0131yla referanslar\u0131n\u0131zdan ve g\u00fcvenlik\/g\u00fcvenirlik taramas\u0131 sonucu elde etti\u011fimiz bilgiler<\/li>\n<li>Ba\u015fvuru formu ile sa\u011flad\u0131\u011f\u0131n\u0131z ki\u015fisel verileriniz, \u00f6zge\u00e7mi\u015finiz ve bunlar\u0131n i\u00e7eri\u011fi<\/li>\n<li>Ofisimize yapt\u0131\u011f\u0131m\u0131z ziyaretler s\u0131ras\u0131nda di\u011fer kapal\u0131 devre g\u00fcvenlik kamera sistemi (CCTV) arac\u0131l\u0131\u011f\u0131yla elde edilen g\u00f6rsel kay\u0131tlar<\/li>\n<li>\u0130\u015f ba\u015fvurunuz kapsam\u0131nda hakk\u0131n\u0131zda talep edebilece\u011fimiz di\u011fer bilgiler<\/li>\n<\/ul>\n<\/li>\n<\/ul>\n<\/li>\n<\/ul>\n<p style=\"text-align: justify;\">Ki\u015fisel verilerinizi i\u015flerken uygun g\u00fcvenlik d\u00fczeyini temin etmeye y\u00f6nelik her t\u00fcrl\u00fc teknik ve idari tedbirleri almaktay\u0131z.<\/p>\n<p style=\"text-align: justify;\">\u00dc\u00e7\u00fcnc\u00fc bir ki\u015fi hakk\u0131nda bize bilgi sa\u011flamadan \u00f6nce (\u00f6rne\u011fin acil durumda ileti\u015fim kurulacak ki\u015finin ileti\u015fim bilgileri), s\u00f6z konusu ki\u015fiyi KVKK kapsam\u0131nda usul\u00fcne uygun olarak bilgilendirmeniz ve gerekiyorsa verilerinin i\u015flemesi i\u00e7in r\u0131zas\u0131n\u0131 alman\u0131z gerekmektedir.<\/p>\n<p style=\"text-align: justify;\">Bu kapsama i\u015fledi\u011fimiz ki\u015fisel verilerinizle ilgili olarak KVKK\u2019n\u0131n 11. maddesinde bulunan haklara sahipsiniz ve bu haklar\u0131n\u0131za ili\u015fkin taleplerinizi Veri Sorumlusuna Ba\u015fvuru Usul ve Esaslar\u0131 Hakk\u0131nda Tebli\u011f kapsam\u0131nda belirlenen \u015fartlara uygun \u015fekilde,<span>\u00a0<\/span><a href=\"mailto:bilgi@ozguralpaslan.av.tr\"><strong>bilgi@ozguralpaslan.av.tr<\/strong><\/a>\u00a0 adresine e-posta g\u00f6ndererek veya a\u015fa\u011f\u0131daki adrese yaz\u0131l\u0131 ba\u015fvuruda bulunarak bize iletebilirsiniz:<\/p>\n<p style=\"text-align: justify;\">Alpaslan Hukuk B\u00fcrosu, Kurtulu\u015f Mah. Cumhuriyet Bulvar\u0131 No:90 Petkon \u0130\u015f Merkezi A Blok K:1 D:2 , K:2, D:4 Odunpazar\u0131\/Eski\u015fehir<\/p>\n<p>[\/et_pb_text][\/et_pb_column][\/et_pb_row][et_pb_row _builder_version=&#8221;4.16&#8243; _module_preset=&#8221;default&#8221; global_colors_info=&#8221;{}&#8221;][et_pb_column type=&#8221;4_4&#8243; _builder_version=&#8221;4.16&#8243; _module_preset=&#8221;default&#8221; global_colors_info=&#8221;{}&#8221;][et_pb_text _builder_version=&#8221;4.16&#8243; _module_preset=&#8221;default&#8221; custom_padding=&#8221;26px||24px|||&#8221; link_option_url=&#8221;https:\/\/www.ozguralpaslan.av.tr\/isbasvuru\/&#8221; border_radii=&#8221;on|15px|15px|15px|15px&#8221; border_width_all=&#8221;3px&#8221; border_color_all=&#8221;#ac7658&#8243; global_colors_info=&#8221;{}&#8221;]<\/p>\n<h2 style=\"text-align: center;\">Ba\u015fvuru<\/h2>\n<p>[\/et_pb_text][\/et_pb_column][\/et_pb_row][\/et_pb_section][et_pb_section fb_built=&#8221;1&#8243; fullwidth=&#8221;on&#8221; admin_label=&#8221;Map&#8221; _builder_version=&#8221;4.16&#8243; custom_margin=&#8221;66px||-16px|||&#8221; custom_padding=&#8221;||0px|||&#8221; link_option_url=&#8221;%91wordpress_file_upload uploadpath=%22Dosya Se\u00e7%22 fitmode=%22responsive%22 uploadtitle=%22%22 selectbutton=%22Se\u00e7%22 uploadbutton=%22Y\u00fckle%22 notify=%22true%22 attachfile=%22true%22%93&#8243; border_width_top=&#8221;4px&#8221; border_color_top=&#8221;#45B0E5&#8243; border_width_bottom=&#8221;4px&#8221; border_color_bottom=&#8221;#45B0E5&#8243; global_colors_info=&#8221;{}&#8221; da_is_popup=&#8221;off&#8221; da_exit_intent=&#8221;off&#8221; da_has_close=&#8221;on&#8221; da_alt_close=&#8221;off&#8221; da_dark_close=&#8221;off&#8221; da_not_modal=&#8221;on&#8221; da_is_singular=&#8221;off&#8221; da_with_loader=&#8221;off&#8221; da_has_shadow=&#8221;on&#8221; da_disable_devices=&#8221;off|off|off&#8221;][\/et_pb_section]<\/p>\n","protected":false},"excerpt":{"rendered":"<p>KariyerZiyaret\u00e7iler, sitemizin Kariyer b\u00f6l\u00fcm\u00fcne \u00f6zge\u00e7mi\u015f bilgilerini b\u0131rakarak, Alpaslan Hukuk B\u00fcrosu&#8217;nun bir par\u00e7as\u0131 olma isteklerini bize iletebilirler. Gizlili\u011finiz bizim i\u00e7in \u00f6nemlidir. \u0130\u015fbu Aday Gizlilik Bildirimi, i\u015f ba\u015fvuru ve i\u015fe al\u0131m s\u00fcre\u00e7leri kapsam\u0131nda bize sa\u011flam\u0131\u015f oldu\u011funuz ki\u015fisel verilerinizi,Alpaslan Hukuk B\u00fcrosu olarak 6698 say\u0131l\u0131 Ki\u015fisel Verilerin Korunmas\u0131 Kanunu (KVKK) kapsam\u0131nda nas\u0131l i\u015fledi\u011fimizi a\u00e7\u0131klamaktad\u0131r. Ki\u015fisel verilerinizi, i\u015f ba\u015fvuru s\u00fcre\u00e7lerinin [&hellip;]<\/p>\n","protected":false},"author":2,"featured_media":0,"parent":0,"menu_order":0,"comment_status":"closed","ping_status":"closed","template":"","meta":{"_et_pb_use_builder":"on","_et_pb_old_content":"","_et_gb_content_width":"","_joinchat":[],"footnotes":""},"class_list":["post-708","page","type-page","status-publish","hentry"],"jetpack_sharing_enabled":true,"_links":{"self":[{"href":"https:\/\/www.ozguralpaslan.av.tr\/tr\/wp-json\/wp\/v2\/pages\/708","targetHints":{"allow":["GET"]}}],"collection":[{"href":"https:\/\/www.ozguralpaslan.av.tr\/tr\/wp-json\/wp\/v2\/pages"}],"about":[{"href":"https:\/\/www.ozguralpaslan.av.tr\/tr\/wp-json\/wp\/v2\/types\/page"}],"author":[{"embeddable":true,"href":"https:\/\/www.ozguralpaslan.av.tr\/tr\/wp-json\/wp\/v2\/users\/2"}],"replies":[{"embeddable":true,"href":"https:\/\/www.ozguralpaslan.av.tr\/tr\/wp-json\/wp\/v2\/comments?post=708"}],"version-history":[{"count":21,"href":"https:\/\/www.ozguralpaslan.av.tr\/tr\/wp-json\/wp\/v2\/pages\/708\/revisions"}],"predecessor-version":[{"id":2180,"href":"https:\/\/www.ozguralpaslan.av.tr\/tr\/wp-json\/wp\/v2\/pages\/708\/revisions\/2180"}],"wp:attachment":[{"href":"https:\/\/www.ozguralpaslan.av.tr\/tr\/wp-json\/wp\/v2\/media?parent=708"}],"curies":[{"name":"wp","href":"https:\/\/api.w.org\/{rel}","templated":true}]}}