{"id":1853,"date":"2022-07-29T16:55:08","date_gmt":"2022-07-29T16:55:08","guid":{"rendered":"https:\/\/www.ozguralpaslan.av.tr\/?page_id=1853"},"modified":"2022-08-25T11:10:53","modified_gmt":"2022-08-25T11:10:53","slug":"ibrahimburakkutlu","status":"publish","type":"page","link":"https:\/\/www.ozguralpaslan.av.tr\/tr\/ibrahimburakkutlu\/","title":{"rendered":"\u0130brahim Burak Kutlu"},"content":{"rendered":"<p>[et_pb_section fb_built=&#8221;1&#8243; _builder_version=&#8221;4.17.6&#8243; _module_preset=&#8221;default&#8221; global_colors_info=&#8221;{}&#8221;][et_pb_row column_structure=&#8221;1_2,1_2&#8243; _builder_version=&#8221;4.17.6&#8243; _module_preset=&#8221;default&#8221; custom_margin=&#8221;3px|auto||auto||&#8221; custom_padding=&#8221;33px||70px|||&#8221; global_colors_info=&#8221;{}&#8221;][et_pb_column type=&#8221;1_2&#8243; _builder_version=&#8221;4.17.6&#8243; _module_preset=&#8221;default&#8221; global_colors_info=&#8221;{}&#8221;][et_pb_image src=&#8221;https:\/\/www.ozguralpaslan.av.tr\/wp-content\/uploads\/2022\/08\/5-copy-min-scaled.jpg&#8221; _builder_version=&#8221;4.18.0&#8243; _module_preset=&#8221;default&#8221; title_text=&#8221;5 copy-min&#8221; hover_enabled=&#8221;0&#8243; sticky_enabled=&#8221;0&#8243; custom_margin=&#8221;64px|||||&#8221;][\/et_pb_image][et_pb_text _builder_version=&#8221;4.17.6&#8243; _module_preset=&#8221;default&#8221; custom_margin=&#8221;30px||10px|||&#8221; custom_padding=&#8221;|99px||118px||&#8221; global_colors_info=&#8221;{}&#8221;]<\/p>\n<h2 style=\"text-align: center;\"><span style=\"color: #474747;\">Yasal Stajyer<\/span><\/h2>\n<p>[\/et_pb_text][et_pb_text _builder_version=&#8221;4.17.6&#8243; _module_preset=&#8221;default&#8221; custom_padding=&#8221;||10px|105px||&#8221; global_colors_info=&#8221;{}&#8221; custom_margin=&#8221;24px|||||&#8221;]<\/p>\n<h1><span style=\"color: #474747;\">\u0130brahim Burak KUTLU<\/span><\/h1>\n<p>[\/et_pb_text][\/et_pb_column][et_pb_column type=&#8221;1_2&#8243; _builder_version=&#8221;4.17.6&#8243; _module_preset=&#8221;default&#8221; global_colors_info=&#8221;{}&#8221;][et_pb_text _builder_version=&#8221;4.17.6&#8243; _module_preset=&#8221;default&#8221; custom_margin=&#8221;147px|||||&#8221; global_colors_info=&#8221;{}&#8221;]<strong>E\u011fitim<\/strong><br \/>\n\u0130stanbul \u00dcniversitesi Hukuk Fak\u00fcltesi, Lisans, \u0130stanbul, 2022<\/p>\n<p>&nbsp;<\/p>\n<p><strong>Konu\u015ftu\u011fu Diller<br \/>\n<\/strong>T\u00fcrk\u00e7e, \u0130ngilizce, Almanca<span style=\"font-size: 14px;\">\u00a0<\/span><\/p>\n<p><span style=\"font-size: 14px;\"><\/span><\/p>\n<p><span style=\"font-size: 14px;\"><\/span><\/p>\n<p><strong>\u00c7al\u0131\u015fma Alanlar\u0131<br \/>\n<\/strong>\u0130cra ve \u0130flas Hukuku<br \/>\n\u015eirketler Hukuku<br \/>\nTicaret Hukuku<\/p>\n<p>&nbsp;<\/p>\n<p>&nbsp;[\/et_pb_text][\/et_pb_column][\/et_pb_row][\/et_pb_section]<\/p>\n","protected":false},"excerpt":{"rendered":"<p>Yasal Stajyer\u0130brahim Burak KUTLUE\u011fitim \u0130stanbul \u00dcniversitesi Hukuk Fak\u00fcltesi, Lisans, \u0130stanbul, 2022 &nbsp; Konu\u015ftu\u011fu Diller T\u00fcrk\u00e7e, \u0130ngilizce, Almanca\u00a0 \u00c7al\u0131\u015fma Alanlar\u0131 \u0130cra ve \u0130flas Hukuku \u015eirketler Hukuku Ticaret Hukuku &nbsp; &nbsp;<\/p>\n","protected":false},"author":1,"featured_media":0,"parent":0,"menu_order":0,"comment_status":"closed","ping_status":"closed","template":"","meta":{"_et_pb_use_builder":"on","_et_pb_old_content":"","_et_gb_content_width":"","_joinchat":[],"footnotes":""},"class_list":["post-1853","page","type-page","status-publish","hentry"],"jetpack_sharing_enabled":true,"_links":{"self":[{"href":"https:\/\/www.ozguralpaslan.av.tr\/tr\/wp-json\/wp\/v2\/pages\/1853","targetHints":{"allow":["GET"]}}],"collection":[{"href":"https:\/\/www.ozguralpaslan.av.tr\/tr\/wp-json\/wp\/v2\/pages"}],"about":[{"href":"https:\/\/www.ozguralpaslan.av.tr\/tr\/wp-json\/wp\/v2\/types\/page"}],"author":[{"embeddable":true,"href":"https:\/\/www.ozguralpaslan.av.tr\/tr\/wp-json\/wp\/v2\/users\/1"}],"replies":[{"embeddable":true,"href":"https:\/\/www.ozguralpaslan.av.tr\/tr\/wp-json\/wp\/v2\/comments?post=1853"}],"version-history":[{"count":6,"href":"https:\/\/www.ozguralpaslan.av.tr\/tr\/wp-json\/wp\/v2\/pages\/1853\/revisions"}],"predecessor-version":[{"id":1913,"href":"https:\/\/www.ozguralpaslan.av.tr\/tr\/wp-json\/wp\/v2\/pages\/1853\/revisions\/1913"}],"wp:attachment":[{"href":"https:\/\/www.ozguralpaslan.av.tr\/tr\/wp-json\/wp\/v2\/media?parent=1853"}],"curies":[{"name":"wp","href":"https:\/\/api.w.org\/{rel}","templated":true}]}}