{"id":765,"date":"2022-01-12T17:22:06","date_gmt":"2022-01-12T17:22:06","guid":{"rendered":"https:\/\/www.ozguralpaslan.av.tr\/?page_id=765"},"modified":"2023-12-11T10:30:10","modified_gmt":"2023-12-11T10:30:10","slug":"ana-sayfa-2","status":"publish","type":"page","link":"https:\/\/www.ozguralpaslan.av.tr\/en\/","title":{"rendered":"Home Page"},"content":{"rendered":"<p>[et_pb_section fb_built=&#8221;1&#8243; fullwidth=&#8221;on&#8221; _builder_version=&#8221;4.22.0&#8243; _module_preset=&#8221;default&#8221; da_disable_devices=&#8221;off|off|off&#8221; global_colors_info=&#8221;{}&#8221; da_is_popup=&#8221;off&#8221; da_exit_intent=&#8221;off&#8221; da_has_close=&#8221;on&#8221; da_alt_close=&#8221;off&#8221; da_dark_close=&#8221;off&#8221; da_not_modal=&#8221;on&#8221; da_is_singular=&#8221;off&#8221; da_with_loader=&#8221;off&#8221; da_has_shadow=&#8221;on&#8221;][et_pb_fullwidth_header text_orientation=&#8221;center&#8221; header_fullscreen=&#8221;on&#8221; header_scroll_down=&#8221;on&#8221; scroll_down_icon=&#8221;%%9%%&#8221; logo_image_url=&#8221;https:\/\/www.ozguralpaslan.av.tr\/wp-content\/uploads\/2022\/01\/logo_2-1.png&#8221; _builder_version=&#8221;4.22.0&#8243; _module_preset=&#8221;default&#8221; title_font=&#8221;|800|||||||&#8221; title_font_size=&#8221;55px&#8221; background_video_mp4=&#8221;https:\/\/avtronline.net\/themis.mp4&#8243; global_colors_info=&#8221;{}&#8221;][\/et_pb_fullwidth_header][\/et_pb_section][et_pb_section fb_built=&#8221;1&#8243; admin_label=&#8221;Service Section&#8221; _builder_version=&#8221;4.16&#8243; display_conditions=&#8221;W10=&#8221; custom_padding=&#8221;33px||110px|||&#8221; da_disable_devices=&#8221;off|off|off&#8221; global_colors_info=&#8221;{}&#8221; da_is_popup=&#8221;off&#8221; da_exit_intent=&#8221;off&#8221; da_has_close=&#8221;on&#8221; da_alt_close=&#8221;off&#8221; da_dark_close=&#8221;off&#8221; da_not_modal=&#8221;on&#8221; da_is_singular=&#8221;off&#8221; da_with_loader=&#8221;off&#8221; da_has_shadow=&#8221;on&#8221;][et_pb_row admin_label=&#8221;Service Area&#8221; _builder_version=&#8221;4.23.1&#8243; custom_margin=&#8221;55px|auto|55px|auto|true|&#8221; custom_padding=&#8221;4px|||0px||&#8221; link_option_url=&#8221;#bizkimiz&#8221; global_colors_info=&#8221;{}&#8221;][et_pb_column type=&#8221;4_4&#8243; _builder_version=&#8221;4.23.1&#8243; custom_padding=&#8221;|||&#8221; link_option_url=&#8221;#bizkimiz&#8221; global_colors_info=&#8221;{}&#8221; custom_padding__hover=&#8221;|||&#8221;][et_pb_divider color=&#8221;#f8c798&#8243; divider_position=&#8221;center&#8221; divider_weight=&#8221;3px&#8221; _builder_version=&#8221;4.16&#8243; max_width=&#8221;796px&#8221; module_alignment=&#8221;center&#8221; custom_margin=&#8221;|-8px||482px||&#8221; custom_padding=&#8221;||6px|||&#8221; animation_style=&#8221;slide&#8221; animation_direction=&#8221;top&#8221; animation_intensity_slide=&#8221;10%&#8221; animation_starting_opacity=&#8221;100%&#8221; locked=&#8221;off&#8221; global_colors_info=&#8221;{}&#8221;][\/et_pb_divider][et_pb_text admin_label=&#8221;Title&#8221; _builder_version=&#8221;4.23.1&#8243; text_font=&#8221;||||||||&#8221; header_font=&#8221;||||||||&#8221; header_2_font=&#8221;Prata||||||||&#8221; header_2_text_align=&#8221;center&#8221; header_2_font_size=&#8221;48px&#8221; header_2_line_height=&#8221;1.6em&#8221; module_alignment=&#8221;center&#8221; custom_margin=&#8221;||10px|&#8221; custom_padding=&#8221;|||&#8221; animation_style=&#8221;fade&#8221; header_2_font_size_tablet=&#8221;40px&#8221; header_2_font_size_phone=&#8221;&#8221; header_2_font_size_last_edited=&#8221;on|tablet&#8221; global_colors_info=&#8221;{}&#8221;]<\/p>\n<h2><span style=\"color: #ac7658;\">Biz Kimiz?<\/span><\/h2>\n<p>[\/et_pb_text][et_pb_divider color=&#8221;#f8c798&#8243; divider_position=&#8221;center&#8221; divider_weight=&#8221;3px&#8221; _builder_version=&#8221;4.16&#8243; custom_padding=&#8221;||17px|||&#8221; locked=&#8221;off&#8221; global_colors_info=&#8221;{}&#8221;][\/et_pb_divider][\/et_pb_column][\/et_pb_row][\/et_pb_section][et_pb_section fb_built=&#8221;1&#8243; admin_label=&#8221;Popup &#8211; #bizkimiz&#8221; module_id=&#8221;bizkimiz&#8221; module_class=&#8221;popup&#8221; _builder_version=&#8221;4.23.1&#8243; _module_preset=&#8221;default&#8221; width=&#8221;80%&#8221; width_tablet=&#8221;90%&#8221; width_phone=&#8221;90%&#8221; width_last_edited=&#8221;on|desktop&#8221; module_alignment=&#8221;center&#8221; custom_padding=&#8221;3px||8px|||&#8221; da_is_popup=&#8221;on&#8221; da_popup_slug=&#8221;bizkimiz&#8221; da_disable_devices=&#8221;off|off|off&#8221; locked=&#8221;off&#8221; global_colors_info=&#8221;{}&#8221; da_exit_intent=&#8221;off&#8221; da_has_close=&#8221;on&#8221; da_alt_close=&#8221;off&#8221; da_dark_close=&#8221;off&#8221; da_not_modal=&#8221;on&#8221; da_is_singular=&#8221;off&#8221; da_with_loader=&#8221;off&#8221; da_has_shadow=&#8221;on&#8221;][et_pb_row make_equal=&#8221;on&#8221; _builder_version=&#8221;4.23.1&#8243; _module_preset=&#8221;default&#8221; custom_padding=&#8221;||17px|||&#8221; global_colors_info=&#8221;{}&#8221;][et_pb_column type=&#8221;4_4&#8243; _builder_version=&#8221;4.23.1&#8243; _module_preset=&#8221;default&#8221; global_colors_info=&#8221;{}&#8221;][et_pb_text _builder_version=&#8221;4.23.1&#8243; _module_preset=&#8221;default&#8221; module_alignment=&#8221;center&#8221; locked=&#8221;off&#8221; global_colors_info=&#8221;{}&#8221;]<\/p>\n<p style=\"text-align: justify;\"><span style=\"color: #ac7658;\">2011 y\u0131l\u0131nda Av. \u00d6zg\u00fcr Alpaslan taraf\u0131ndan kurulan Alpaslan Hukuk B\u00fcrosu, ulusal ve uluslararas\u0131 sekt\u00f6rlerde faaliyet g\u00f6steren bir\u00e7ok ger\u00e7ek ve t\u00fczel ki\u015fiye hizmet vermektedir. Ankara, \u0130stanbul, Samsun, Kocaeli ba\u015fta olmak \u00fczere T\u00fcrkiye\u2019de g\u00fc\u00e7l\u00fc bir i\u015f a\u011f\u0131na sahip olan Alpaslan Hukuk B\u00fcrosu, her ge\u00e7en g\u00fcn m\u00fcvekkil ve i\u015f portf\u00f6y\u00fcn\u00fc geni\u015fletmekte.<\/span><\/p>\n<p style=\"text-align: justify;\"><span style=\"color: #ac7658;\">A\u011f\u0131rl\u0131kl\u0131 \u00e7al\u0131\u015fma alanlar\u0131m\u0131z aras\u0131nda ticari ve idari davalar, konkordato, i\u015f hukuku, icra ve iflas hukuku yer almaktad\u0131r. T\u00fcm hizmetlerimize\u00a0\u00a0\u201c<a href=\"https:\/\/www.ozguralpaslan.av.tr\/en\/calismaalanlari\/\">\u00c7al\u0131\u015fma Alanlar\u0131m\u0131z<\/a>\u201d\u00a0butonu \u00fczerinden ula\u015fabilirsiniz.<\/span><\/p>\n<p style=\"text-align: justify;\"><span style=\"color: #ac7658;\">As Alpaslan Law Firm, we take care to provide the knowledge and experience of our teams working in different legal disciplines to the service of our clients in an integrated way; in this way, we believe that we can create a more effective and useful result.<\/span><\/p>\n<p>[\/et_pb_text][\/et_pb_column][\/et_pb_row][\/et_pb_section]<\/p>","protected":false},"excerpt":{"rendered":"<p>Biz Kimiz?2011 y\u0131l\u0131nda Av. \u00d6zg\u00fcr Alpaslan taraf\u0131ndan kurulan Alpaslan Hukuk B\u00fcrosu, ulusal ve uluslararas\u0131 sekt\u00f6rlerde faaliyet g\u00f6steren bir\u00e7ok ger\u00e7ek ve t\u00fczel ki\u015fiye hizmet vermektedir. Ankara, \u0130stanbul, Samsun, Kocaeli ba\u015fta olmak \u00fczere T\u00fcrkiye\u2019de g\u00fc\u00e7l\u00fc bir i\u015f a\u011f\u0131na sahip olan Alpaslan Hukuk B\u00fcrosu, her ge\u00e7en g\u00fcn m\u00fcvekkil ve i\u015f portf\u00f6y\u00fcn\u00fc geni\u015fletmekte. A\u011f\u0131rl\u0131kl\u0131 \u00e7al\u0131\u015fma alanlar\u0131m\u0131z aras\u0131nda ticari ve [&hellip;]<\/p>","protected":false},"author":2,"featured_media":0,"parent":0,"menu_order":0,"comment_status":"closed","ping_status":"closed","template":"","meta":{"_et_pb_use_builder":"on","_et_pb_old_content":"","_et_gb_content_width":"","_joinchat":[],"footnotes":""},"class_list":["post-765","page","type-page","status-publish","hentry"],"jetpack_sharing_enabled":true,"_links":{"self":[{"href":"https:\/\/www.ozguralpaslan.av.tr\/en\/wp-json\/wp\/v2\/pages\/765","targetHints":{"allow":["GET"]}}],"collection":[{"href":"https:\/\/www.ozguralpaslan.av.tr\/en\/wp-json\/wp\/v2\/pages"}],"about":[{"href":"https:\/\/www.ozguralpaslan.av.tr\/en\/wp-json\/wp\/v2\/types\/page"}],"author":[{"embeddable":true,"href":"https:\/\/www.ozguralpaslan.av.tr\/en\/wp-json\/wp\/v2\/users\/2"}],"replies":[{"embeddable":true,"href":"https:\/\/www.ozguralpaslan.av.tr\/en\/wp-json\/wp\/v2\/comments?post=765"}],"version-history":[{"count":58,"href":"https:\/\/www.ozguralpaslan.av.tr\/en\/wp-json\/wp\/v2\/pages\/765\/revisions"}],"predecessor-version":[{"id":2295,"href":"https:\/\/www.ozguralpaslan.av.tr\/en\/wp-json\/wp\/v2\/pages\/765\/revisions\/2295"}],"wp:attachment":[{"href":"https:\/\/www.ozguralpaslan.av.tr\/en\/wp-json\/wp\/v2\/media?parent=765"}],"curies":[{"name":"wp","href":"https:\/\/api.w.org\/{rel}","templated":true}]}}