{"id":708,"date":"2022-01-12T15:51:34","date_gmt":"2022-01-12T15:51:34","guid":{"rendered":"https:\/\/www.ozguralpaslan.av.tr\/?page_id=708"},"modified":"2023-11-22T11:23:08","modified_gmt":"2023-11-22T11:23:08","slug":"kariyer","status":"publish","type":"page","link":"https:\/\/www.ozguralpaslan.av.tr\/en\/kariyer\/","title":{"rendered":"Career"},"content":{"rendered":"<p>[et_pb_section fb_built=&#8221;1&#8243; _builder_version=&#8221;4.16&#8243; _module_preset=&#8221;default&#8221; custom_padding=&#8221;3px||3px||true|&#8221; global_colors_info=&#8221;{}&#8221; use_background_color_gradient=&#8221;on&#8221; background_color_gradient_stops=&#8221;#ac7658 0%|rgba(255,255,255,0) 100%&#8221; background_color_gradient_start=&#8221;#ac7658&#8243; background_color_gradient_end=&#8221;rgba(255,255,255,0)&#8221; top_divider_style=&#8221;arrow3&#8243; top_divider_color=&#8221;#FFFFFF&#8221; top_divider_height=&#8221;77px&#8221; da_is_popup=&#8221;off&#8221; da_exit_intent=&#8221;off&#8221; da_has_close=&#8221;on&#8221; da_alt_close=&#8221;off&#8221; da_dark_close=&#8221;off&#8221; da_not_modal=&#8221;on&#8221; da_is_singular=&#8221;off&#8221; da_with_loader=&#8221;off&#8221; da_has_shadow=&#8221;on&#8221; da_disable_devices=&#8221;off|off|off&#8221;][et_pb_row _builder_version=&#8221;4.16&#8243; _module_preset=&#8221;default&#8221; custom_padding=&#8221;49px|||0px||&#8221; global_colors_info=&#8221;{}&#8221;][et_pb_column type=&#8221;4_4&#8243; _builder_version=&#8221;4.16&#8243; _module_preset=&#8221;default&#8221; global_colors_info=&#8221;{}&#8221;][et_pb_text _builder_version=&#8221;4.16&#8243; _module_preset=&#8221;default&#8221; text_font=&#8221;|600|||||||&#8221; text_font_size=&#8221;18px&#8221; header_font=&#8221;|600|||||||&#8221; header_text_color=&#8221;#474747&#8243; header_font_size=&#8221;44px&#8221; text_orientation=&#8221;center&#8221; background_layout=&#8221;dark&#8221; text_text_shadow_style=&#8221;preset1&#8243; text_text_shadow_color=&#8221;#000000&#8243; header_text_shadow_style=&#8221;preset4&#8243; header_text_shadow_blur_strength=&#8221;0.31em&#8221; global_colors_info=&#8221;{}&#8221;]<\/p>\n<h1><span style=\"color: #ac7658;\">Career<\/span><\/h1>\n<p>[\/et_pb_text][\/et_pb_column][\/et_pb_row][\/et_pb_section][et_pb_section fb_built=&#8221;1&#8243; _builder_version=&#8221;4.16&#8243; custom_padding=&#8221;0px|0px|50px|0px|false|false&#8221; global_colors_info=&#8221;{}&#8221; da_is_popup=&#8221;off&#8221; da_exit_intent=&#8221;off&#8221; da_has_close=&#8221;on&#8221; da_alt_close=&#8221;off&#8221; da_dark_close=&#8221;off&#8221; da_not_modal=&#8221;on&#8221; da_is_singular=&#8221;off&#8221; da_with_loader=&#8221;off&#8221; da_has_shadow=&#8221;on&#8221; da_disable_devices=&#8221;off|off|off&#8221;][et_pb_row use_custom_gutter=&#8221;on&#8221; _builder_version=&#8221;4.16&#8243; _module_preset=&#8221;default&#8221; background_color=&#8221;#FFFFFF&#8221; background_blend=&#8221;multiply&#8221; custom_margin=&#8221;15px|auto||auto|false|false&#8221; custom_margin_tablet=&#8221;0px|||&#8221; custom_margin_phone=&#8221;&#8221; custom_margin_last_edited=&#8221;on|tablet&#8221; custom_padding=&#8221;0px|2.1%|0px|2.1%|true|true&#8221; border_radii=&#8221;on|15px|15px|15px|15px&#8221; border_width_top=&#8221;5px&#8221; border_color_top=&#8221;#8F8F8F&#8221; global_colors_info=&#8221;{}&#8221;][et_pb_column type=&#8221;4_4&#8243; _builder_version=&#8221;4.16&#8243; _module_preset=&#8221;default&#8221; global_colors_info=&#8221;{}&#8221;][et_pb_text _builder_version=&#8221;4.16&#8243; _module_preset=&#8221;default&#8221; custom_padding=&#8221;48px||48px||true|&#8221; global_colors_info=&#8221;{}&#8221;]<\/p>\n<p style=\"text-align: justify;\">Visitors can submit their requests to be part of Alpaslan Law Firm by leaving their r\u00e9sum\u00e9 information in the Careers section of our site.<\/p>\n<p style=\"text-align: justify;\">Your privacy is important to us. This Candidate Privacy Statement describes how we, as Alpaslan Law Firm, process your personal data provided to us within the scope of job application and recruitment processes under the Personal Data Protection Law No. 6698<\/p>\n<p style=\"text-align: justify;\">We process your personal data based on our legitimate interests in order to carry out, process, evaluate and carry out general recruitment processes and to contact you within this scope. If your job application is unsuccessful, we will retain your information for a reasonable period of time in accordance with the KVKK. Your personal data may also be used to contact you again in the event of open positions that we believe may be suitable for you in the future. Your personal data may be shared with the institutions or organizations permitted by the provisions of the legislation.<\/p>\n<p style=\"text-align: justify;\">As Alpaslan Law Firm, during your visits to our office or website, we collect the following information through physical or online application forms, face-to-face interviews and similar verbal, written or electronic means:<\/p>\n<ul>\n<li style=\"list-style-type: none;\">\n<ul>\n<li style=\"list-style-type: none;\">\n<ul style=\"text-align: justify;\">\n<li>Name, surname, contact information,<\/li>\n<li>Information about your education, internship and career development,<\/li>\n<li>Information from your references and security\/reliability screening to check your employment eligibility<\/li>\n<li>Your personal data, resume and content provided by the application form<\/li>\n<li>Visual recordings obtained through other closed circuit security camera system (CCTV) during our visits to our office<\/li>\n<li>Other information we may request about you as part of your job application<\/li>\n<\/ul>\n<\/li>\n<\/ul>\n<\/li>\n<\/ul>\n<p style=\"text-align: justify;\">We take all kinds of technical and administrative measures to ensure the appropriate level of security when processing your personal data.<\/p>\n<p style=\"text-align: justify;\">Before providing us with information about a third party (e.g. contact information of the person to be contacted in an emergency), you must inform the person in question duly under the KVKK and, if necessary, obtain his consent to process his data.<\/p>\n<p style=\"text-align: justify;\" class=\"translation-block\">You have the rights contained in Article 11 of the KVKK regarding your personal data that we process in this scope, and you may submit your requests regarding these rights to <span>\u00a0<\/span><a href=\"mailto:bilgi@ozguralpaslan.av.tr\" target=\"_self\"><strong>bilgi@ozguralpaslan.av.tr<\/strong><\/a> address or by submitting a written application to the following address in accordance with the conditions set out in the Notification on the Procedures and Principles of Application to the Data Controller:<\/p>\n<p style=\"text-align: justify;\">Alpaslan Hukuk B\u00fcrosu, Kurtulu\u015f Mah. Cumhuriyet Bulvar\u0131 No:90 Petkon \u0130\u015f Merkezi A Blok K:1 D:2 , K:2, D:4 Odunpazar\u0131\/Eski\u015fehir<\/p>\n<p>[\/et_pb_text][\/et_pb_column][\/et_pb_row][et_pb_row _builder_version=&#8221;4.16&#8243; _module_preset=&#8221;default&#8221; global_colors_info=&#8221;{}&#8221;][et_pb_column type=&#8221;4_4&#8243; _builder_version=&#8221;4.16&#8243; _module_preset=&#8221;default&#8221; global_colors_info=&#8221;{}&#8221;][et_pb_text _builder_version=&#8221;4.16&#8243; _module_preset=&#8221;default&#8221; custom_padding=&#8221;26px||24px|||&#8221; link_option_url=&#8221;https:\/\/www.ozguralpaslan.av.tr\/isbasvuru\/&#8221; border_radii=&#8221;on|15px|15px|15px|15px&#8221; border_width_all=&#8221;3px&#8221; border_color_all=&#8221;#ac7658&#8243; global_colors_info=&#8221;{}&#8221;]<\/p>\n<h2 style=\"text-align: center;\">Application<\/h2>\n<p>[\/et_pb_text][\/et_pb_column][\/et_pb_row][\/et_pb_section][et_pb_section fb_built=&#8221;1&#8243; fullwidth=&#8221;on&#8221; admin_label=&#8221;Map&#8221; _builder_version=&#8221;4.16&#8243; custom_margin=&#8221;66px||-16px|||&#8221; custom_padding=&#8221;||0px|||&#8221; link_option_url=&#8221;%91wordpress_file_upload uploadpath=%22Dosya Se\u00e7%22 fitmode=%22responsive%22 uploadtitle=%22%22 selectbutton=%22Se\u00e7%22 uploadbutton=%22Y\u00fckle%22 notify=%22true%22 attachfile=%22true%22%93&#8243; border_width_top=&#8221;4px&#8221; border_color_top=&#8221;#45B0E5&#8243; border_width_bottom=&#8221;4px&#8221; border_color_bottom=&#8221;#45B0E5&#8243; global_colors_info=&#8221;{}&#8221; da_is_popup=&#8221;off&#8221; da_exit_intent=&#8221;off&#8221; da_has_close=&#8221;on&#8221; da_alt_close=&#8221;off&#8221; da_dark_close=&#8221;off&#8221; da_not_modal=&#8221;on&#8221; da_is_singular=&#8221;off&#8221; da_with_loader=&#8221;off&#8221; da_has_shadow=&#8221;on&#8221; da_disable_devices=&#8221;off|off|off&#8221;][\/et_pb_section]<\/p>","protected":false},"excerpt":{"rendered":"<p>KariyerZiyaret\u00e7iler, sitemizin Kariyer b\u00f6l\u00fcm\u00fcne \u00f6zge\u00e7mi\u015f bilgilerini b\u0131rakarak, Alpaslan Hukuk B\u00fcrosu&#8217;nun bir par\u00e7as\u0131 olma isteklerini bize iletebilirler. Gizlili\u011finiz bizim i\u00e7in \u00f6nemlidir. \u0130\u015fbu Aday Gizlilik Bildirimi, i\u015f ba\u015fvuru ve i\u015fe al\u0131m s\u00fcre\u00e7leri kapsam\u0131nda bize sa\u011flam\u0131\u015f oldu\u011funuz ki\u015fisel verilerinizi,Alpaslan Hukuk B\u00fcrosu olarak 6698 say\u0131l\u0131 Ki\u015fisel Verilerin Korunmas\u0131 Kanunu (KVKK) kapsam\u0131nda nas\u0131l i\u015fledi\u011fimizi a\u00e7\u0131klamaktad\u0131r. Ki\u015fisel verilerinizi, i\u015f ba\u015fvuru s\u00fcre\u00e7lerinin [&hellip;]<\/p>","protected":false},"author":2,"featured_media":0,"parent":0,"menu_order":0,"comment_status":"closed","ping_status":"closed","template":"","meta":{"_et_pb_use_builder":"on","_et_pb_old_content":"","_et_gb_content_width":"","_joinchat":[],"footnotes":""},"class_list":["post-708","page","type-page","status-publish","hentry"],"jetpack_sharing_enabled":true,"_links":{"self":[{"href":"https:\/\/www.ozguralpaslan.av.tr\/en\/wp-json\/wp\/v2\/pages\/708","targetHints":{"allow":["GET"]}}],"collection":[{"href":"https:\/\/www.ozguralpaslan.av.tr\/en\/wp-json\/wp\/v2\/pages"}],"about":[{"href":"https:\/\/www.ozguralpaslan.av.tr\/en\/wp-json\/wp\/v2\/types\/page"}],"author":[{"embeddable":true,"href":"https:\/\/www.ozguralpaslan.av.tr\/en\/wp-json\/wp\/v2\/users\/2"}],"replies":[{"embeddable":true,"href":"https:\/\/www.ozguralpaslan.av.tr\/en\/wp-json\/wp\/v2\/comments?post=708"}],"version-history":[{"count":21,"href":"https:\/\/www.ozguralpaslan.av.tr\/en\/wp-json\/wp\/v2\/pages\/708\/revisions"}],"predecessor-version":[{"id":2180,"href":"https:\/\/www.ozguralpaslan.av.tr\/en\/wp-json\/wp\/v2\/pages\/708\/revisions\/2180"}],"wp:attachment":[{"href":"https:\/\/www.ozguralpaslan.av.tr\/en\/wp-json\/wp\/v2\/media?parent=708"}],"curies":[{"name":"wp","href":"https:\/\/api.w.org\/{rel}","templated":true}]}}