{"id":48,"date":"2021-03-24T12:33:36","date_gmt":"2021-03-24T12:33:36","guid":{"rendered":"https:\/\/www.adan.av.tr\/?page_id=48"},"modified":"2025-01-10T11:00:19","modified_gmt":"2025-01-10T11:00:19","slug":"iletisim","status":"publish","type":"page","link":"https:\/\/www.ozguralpaslan.av.tr\/en\/iletisim\/","title":{"rendered":"Communication"},"content":{"rendered":"<p>[et_pb_section fb_built=&#8221;1&#8243; _builder_version=&#8221;4.16&#8243; _module_preset=&#8221;default&#8221; use_background_color_gradient=&#8221;on&#8221; background_color_gradient_stops=&#8221;#ac7658 0%|rgba(255,255,255,0) 100%&#8221; background_color_gradient_start=&#8221;#ac7658&#8243; background_color_gradient_end=&#8221;rgba(255,255,255,0)&#8221; custom_padding=&#8221;3px||3px||true|&#8221; top_divider_style=&#8221;arrow3&#8243; top_divider_color=&#8221;#FFFFFF&#8221; top_divider_height=&#8221;77px&#8221; da_disable_devices=&#8221;off|off|off&#8221; global_colors_info=&#8221;{}&#8221; da_is_popup=&#8221;off&#8221; da_exit_intent=&#8221;off&#8221; da_has_close=&#8221;on&#8221; da_alt_close=&#8221;off&#8221; da_dark_close=&#8221;off&#8221; da_not_modal=&#8221;on&#8221; da_is_singular=&#8221;off&#8221; da_with_loader=&#8221;off&#8221; da_has_shadow=&#8221;on&#8221;][et_pb_row _builder_version=&#8221;4.16&#8243; _module_preset=&#8221;default&#8221; custom_padding=&#8221;49px|||0px||&#8221; global_colors_info=&#8221;{}&#8221;][et_pb_column type=&#8221;4_4&#8243; _builder_version=&#8221;4.16&#8243; _module_preset=&#8221;default&#8221; global_colors_info=&#8221;{}&#8221;][et_pb_text _builder_version=&#8221;4.16&#8243; _module_preset=&#8221;default&#8221; text_font=&#8221;|600|||||||&#8221; text_font_size=&#8221;18px&#8221; header_font=&#8221;|600|||||||&#8221; header_text_color=&#8221;#474747&#8243; header_font_size=&#8221;44px&#8221; text_orientation=&#8221;center&#8221; background_layout=&#8221;dark&#8221; text_text_shadow_style=&#8221;preset1&#8243; text_text_shadow_color=&#8221;#000000&#8243; header_text_shadow_style=&#8221;preset4&#8243; header_text_shadow_blur_strength=&#8221;0.31em&#8221; global_colors_info=&#8221;{}&#8221;]<\/p>\n<h1><span style=\"color: #ac7658;\">Communication<\/span><\/h1>\n<p>[\/et_pb_text][\/et_pb_column][\/et_pb_row][\/et_pb_section][et_pb_section fb_built=&#8221;1&#8243; _builder_version=&#8221;4.16&#8243; custom_padding=&#8221;4px|0px|50px|0px|false|false&#8221; da_disable_devices=&#8221;off|off|off&#8221; global_colors_info=&#8221;{}&#8221; da_is_popup=&#8221;off&#8221; da_exit_intent=&#8221;off&#8221; da_has_close=&#8221;on&#8221; da_alt_close=&#8221;off&#8221; da_dark_close=&#8221;off&#8221; da_not_modal=&#8221;on&#8221; da_is_singular=&#8221;off&#8221; da_with_loader=&#8221;off&#8221; da_has_shadow=&#8221;on&#8221;][et_pb_row column_structure=&#8221;1_4,1_2,1_4&#8243; use_custom_gutter=&#8221;on&#8221; gutter_width=&#8221;2&#8243; make_equal=&#8221;on&#8221; _builder_version=&#8221;4.23.1&#8243; background_color=&#8221;#ffffff&#8221; background_size=&#8221;initial&#8221; background_position=&#8221;top_left&#8221; background_repeat=&#8221;repeat&#8221; animation_style=&#8221;slide&#8221; animation_direction=&#8221;bottom&#8221; animation_intensity_slide=&#8221;6%&#8221; animation_starting_opacity=&#8221;100%&#8221; border_radii=&#8221;on|15px|15px|15px|15px&#8221; border_color_all=&#8221;#3c39e6&#8243; border_width_top=&#8221;4px&#8221; border_color_top=&#8221;#727C89&#8243; box_shadow_style=&#8221;preset3&#8243; box_shadow_vertical=&#8221;39px&#8221; box_shadow_blur=&#8221;80px&#8221; box_shadow_color=&#8221;rgba(0,0,0,0.1)&#8221; use_custom_width=&#8221;on&#8221; custom_width_px=&#8221;1440px&#8221; global_colors_info=&#8221;{}&#8221;][et_pb_column type=&#8221;1_4&#8243; _builder_version=&#8221;4.23.1&#8243; custom_padding=&#8221;3vw||3vw||true|false&#8221; custom_padding_tablet=&#8221;3vw||3vw||true|false&#8221; custom_padding_phone=&#8221;6vw||6vw||true|false&#8221; custom_padding_last_edited=&#8221;on|phone&#8221; border_radii=&#8221;on|7px|7px|7px|7px&#8221; border_width_all=&#8221;1px&#8221; border_color_all=&#8221;#AC7658&#8243; box_shadow_style=&#8221;preset6&#8243; box_shadow_color=&#8221;#AC7658&#8243; global_colors_info=&#8221;{}&#8221; custom_padding__hover=&#8221;|||&#8221;][et_pb_blurb title=&#8221;Telefon &#038; Faks&#8221; use_icon=&#8221;on&#8221; font_icon=&#8221;&#xe090;||divi||400&#8243; icon_color=&#8221;#ffffff&#8221; image_icon_background_color=&#8221;#ac7658&#8243; image_icon_width=&#8221;40px&#8221; _builder_version=&#8221;4.23.1&#8243; header_font=&#8221;Lato|900||on|||||&#8221; header_text_color=&#8221;#ac7658&#8243; header_font_size=&#8221;15px&#8221; header_letter_spacing=&#8221;1px&#8221; header_line_height=&#8221;1.4em&#8221; body_font=&#8221;Lato||||||||&#8221; body_text_color=&#8221;#000000&#8243; body_font_size=&#8221;16px&#8221; body_line_height=&#8221;1.6em&#8221; image_icon_custom_padding=&#8221;25px|25px|25px|25px|false|false&#8221; text_orientation=&#8221;center&#8221; custom_margin=&#8221;|||&#8221; custom_padding=&#8221;|||&#8221; animation=&#8221;off&#8221; border_radii=&#8221;on|10px|10px|10px|10px&#8221; border_color_all=&#8221;#ac7658&#8243; border_radii_image=&#8221;on|100%|100%|100%|100%&#8221; box_shadow_vertical_tablet=&#8221;&#8221; box_shadow_vertical_phone=&#8221;&#8221; box_shadow_vertical_last_edited=&#8221;on|desktop&#8221; icon_font_size=&#8221;40px&#8221; use_circle=&#8221;on&#8221; circle_color=&#8221;#727C89&#8243; circle_color__hover=&#8221;#45B0E5&#8243; circle_color__hover_enabled=&#8221;on|hover&#8221; global_colors_info=&#8221;{}&#8221; image_icon_background_color__hover=&#8221;#f8c798&#8243; image_icon_background_color__hover_enabled=&#8221;on|hover&#8221; image_icon_background_color__sticky_enabled=&#8221;#000000&#8243; image_icon_background_color__sticky=&#8221;#000000&#8243;]<\/p>\n<p><span style=\"color: #424242;\"><strong>(T)<\/strong><\/span> <span style=\"color: #474747;\">+90 (222) 407 00 37<\/span><br \/><span style=\"color: #424242;\"><strong>(F)<\/strong> <\/span><span style=\"color: #474747;\">+90 (222) 407 00 35<\/span><br \/><span style=\"color: #424242;\"><strong>(M)<\/strong><\/span> <span style=\"color: #474747;\">+90 (536) 612 59 78<\/span><\/p>\n<p>[\/et_pb_blurb][\/et_pb_column][et_pb_column type=&#8221;1_2&#8243; _builder_version=&#8221;4.23.1&#8243; custom_padding=&#8221;3vw||3vw||true|false&#8221; custom_padding_tablet=&#8221;3vw||3vw||true|false&#8221; custom_padding_phone=&#8221;6vw||6vw||true|false&#8221; custom_padding_last_edited=&#8221;on|phone&#8221; border_radii=&#8221;on|7px|7px|7px|7px&#8221; border_width_all=&#8221;1px&#8221; border_color_all=&#8221;#AC7658&#8243; box_shadow_style=&#8221;preset6&#8243; box_shadow_color=&#8221;#AC7658&#8243; global_colors_info=&#8221;{}&#8221; custom_padding__hover=&#8221;|||&#8221;][et_pb_blurb title=&#8221;Adres&#8221; use_icon=&#8221;on&#8221; font_icon=&#8221;&#xe0ef;||divi||400&#8243; icon_color=&#8221;#ffffff&#8221; image_icon_background_color=&#8221;#ac7658&#8243; image_icon_width=&#8221;40px&#8221; _builder_version=&#8221;4.23.1&#8243; header_font=&#8221;Lato|900||on|||||&#8221; header_text_color=&#8221;#ac7658&#8243; header_font_size=&#8221;15px&#8221; header_letter_spacing=&#8221;1px&#8221; header_line_height=&#8221;1.4em&#8221; body_font=&#8221;Lato||||||||&#8221; body_text_color=&#8221;#000000&#8243; body_font_size=&#8221;16px&#8221; body_line_height=&#8221;1.6em&#8221; image_icon_custom_padding=&#8221;25px|25px|25px|25px|false|false&#8221; text_orientation=&#8221;center&#8221; custom_margin=&#8221;|||&#8221; custom_padding=&#8221;|||&#8221; animation=&#8221;off&#8221; border_color_all=&#8221;#ac7658&#8243; border_radii_image=&#8221;on|100%|100%|100%|100%&#8221; box_shadow_color_tablet=&#8221;#ac7658&#8243; box_shadow_color_phone=&#8221;#ac7658&#8243; box_shadow_color_last_edited=&#8221;on|desktop&#8221; icon_font_size=&#8221;40px&#8221; use_circle=&#8221;on&#8221; circle_color=&#8221;#727C89&#8243; circle_color__hover=&#8221;#45B0E5&#8243; circle_color__hover_enabled=&#8221;on|hover&#8221; global_colors_info=&#8221;{}&#8221; image_icon_background_color__hover=&#8221;#f8c798&#8243; image_icon_background_color__hover_enabled=&#8221;on|hover&#8221; image_icon_background_color__sticky_enabled=&#8221;#000000&#8243; image_icon_background_color__sticky=&#8221;#000000&#8243;]<\/p>\n<p><span style=\"color: #474747;\">Kurtulu\u015f Mah. Cumhuriyet Bulvar\u0131 No:90 Petkon \u0130\u015f Merkezi A Blok D:2-4 Odunpazar\u0131 \/ ESK\u0130\u015eEH\u0130R<\/span><\/p>\n<p>&nbsp;<\/p>\n<p>[\/et_pb_blurb][\/et_pb_column][et_pb_column type=&#8221;1_4&#8243; _builder_version=&#8221;4.23.1&#8243; custom_padding=&#8221;3vw||3vw||true|false&#8221; custom_padding_tablet=&#8221;3vw||3vw||true|false&#8221; custom_padding_phone=&#8221;6vw||6vw||true|false&#8221; custom_padding_last_edited=&#8221;on|phone&#8221; border_radii=&#8221;on|7px|7px|7px|7px&#8221; border_width_all=&#8221;1px&#8221; border_color_all=&#8221;#AC7658&#8243; box_shadow_style=&#8221;preset6&#8243; box_shadow_color=&#8221;#AC7658&#8243; global_colors_info=&#8221;{}&#8221; custom_padding__hover=&#8221;|||&#8221;][et_pb_blurb title=&#8221;E-posta&#8221; use_icon=&#8221;on&#8221; font_icon=&#8221;&#xe010;||divi||400&#8243; icon_color=&#8221;#ffffff&#8221; image_icon_background_color=&#8221;#ac7658&#8243; image_icon_width=&#8221;40px&#8221; _builder_version=&#8221;4.23.1&#8243; header_font=&#8221;Lato|900||on|||||&#8221; header_text_color=&#8221;#ac7658&#8243; header_font_size=&#8221;15px&#8221; header_letter_spacing=&#8221;1px&#8221; header_line_height=&#8221;1.4em&#8221; body_font=&#8221;Lato||||||||&#8221; body_text_color=&#8221;#000000&#8243; body_font_size=&#8221;16px&#8221; body_line_height=&#8221;1.6em&#8221; image_icon_custom_padding=&#8221;25px|25px|25px|25px|false|false&#8221; text_orientation=&#8221;center&#8221; custom_margin=&#8221;|||&#8221; custom_padding=&#8221;|||&#8221; animation=&#8221;off&#8221; border_color_all=&#8221;#ac7658&#8243; border_radii_image=&#8221;on|100%|100%|100%|100%&#8221; icon_font_size=&#8221;40px&#8221; use_circle=&#8221;on&#8221; circle_color=&#8221;#727C89&#8243; circle_color__hover=&#8221;#45B0E5&#8243; circle_color__hover_enabled=&#8221;on|hover&#8221; global_colors_info=&#8221;{}&#8221; image_icon_background_color__hover=&#8221;#f8c798&#8243; image_icon_background_color__hover_enabled=&#8221;on|hover&#8221; image_icon_background_color__sticky_enabled=&#8221;#000000&#8243; image_icon_background_color__sticky=&#8221;#000000&#8243;]<\/p>\n<p><a href=\"mailto:bilgi@ozguralpaslan.av.tr\"><span style=\"color: #474747;\">bilgi@ozguralpaslan.av.tr<\/span><\/a><\/p>\n<p>&nbsp;<\/p>\n<p>[\/et_pb_blurb][\/et_pb_column][\/et_pb_row][et_pb_row use_custom_gutter=&#8221;on&#8221; _builder_version=&#8221;4.16&#8243; _module_preset=&#8221;default&#8221; background_color=&#8221;#FFFFFF&#8221; background_blend=&#8221;multiply&#8221; custom_margin=&#8221;15px|auto||auto|false|false&#8221; custom_margin_tablet=&#8221;0px|||&#8221; custom_margin_phone=&#8221;&#8221; custom_margin_last_edited=&#8221;on|tablet&#8221; custom_padding=&#8221;80px|10%|80px|10%|true|true&#8221; border_radii=&#8221;on|15px|15px|15px|15px&#8221; border_width_top=&#8221;5px&#8221; border_color_top=&#8221;#8F8F8F&#8221; global_colors_info=&#8221;{}&#8221;][et_pb_column type=&#8221;4_4&#8243; _builder_version=&#8221;4.16&#8243; _module_preset=&#8221;default&#8221; global_colors_info=&#8221;{}&#8221;][et_pb_contact_form email=&#8221;bilgi@ozguralpaslan.av.tr&#8221; title=&#8221;Sizlere d\u00f6n\u00fc\u015f yapabilmemiz i\u00e7in l\u00fctfen bilgilerinizi eksiksiz doldurunuz! Bizimle ileti\u015fim kurdu\u011funuz i\u00e7in te\u015fekk\u00fcr ederiz.&#8221; module_id=&#8221;et_pb_contact_form_0&#8243; _builder_version=&#8221;4.22.2&#8243; _unique_id=&#8221;9cd0c052-4194-4ed5-9432-96bbc227f27c&#8221; form_field_background_color=&#8221;RGBA(255,255,255,0)&#8221; form_field_text_color=&#8221;#474747&#8243; form_field_focus_background_color=&#8221;#FFFFFF&#8221; form_field_focus_text_color=&#8221;#727C89&#8243; title_level=&#8221;h4&#8243; title_font=&#8221;|600|||||||&#8221; title_text_color=&#8221;#474747&#8243; title_font_size=&#8221;15px&#8221; captcha_text_color=&#8221;#000000&#8243; form_field_font=&#8221;Open Sans||||||||&#8221; form_field_font_size=&#8221;15px&#8221; form_field_line_height=&#8221;2em&#8221; custom_button=&#8221;on&#8221; button_text_size=&#8221;15px&#8221; button_text_color=&#8221;#000000&#8243; button_bg_color=&#8221;#f8c798&#8243; button_border_width=&#8221;2px&#8221; button_border_color=&#8221;#474747&#8243; button_border_radius=&#8221;5px&#8221; button_letter_spacing=&#8221;2px&#8221; button_font=&#8221;Open Sans|600||on|||||&#8221; button_use_icon=&#8221;off&#8221; custom_margin=&#8221;|||&#8221; custom_margin_tablet=&#8221;|||0px&#8221; custom_margin_phone=&#8221;|||0px&#8221; custom_margin_last_edited=&#8221;off|desktop&#8221; custom_padding=&#8221;|||&#8221; custom_padding_tablet=&#8221;|40px||&#8221; custom_padding_phone=&#8221;|40px||&#8221; custom_padding_last_edited=&#8221;off|desktop&#8221; border_radii=&#8221;on|10px|10px|10px|10px&#8221; border_width_all=&#8221;1px&#8221; border_color_all=&#8221;#ac7658&#8243; box_shadow_style=&#8221;preset3&#8243; box_shadow_vertical=&#8221;0px&#8221; box_shadow_blur=&#8221;9px&#8221; box_shadow_spread=&#8221;0px&#8221; box_shadow_color=&#8221;#ac7658&#8243; box_shadow_style_button=&#8221;preset3&#8243; form_background_color=&#8221;rgba(0,0,0,0)&#8221; locked=&#8221;off&#8221; global_colors_info=&#8221;{}&#8221; button_border_color__hover_enabled=&#8221;off|desktop&#8221;][et_pb_contact_field field_id=&#8221;Name&#8221; field_title=&#8221;\u0130sim&#8221; _builder_version=&#8221;4.16&#8243; custom_margin=&#8221;||30px|&#8221; custom_padding=&#8221;|||&#8221; global_colors_info=&#8221;{}&#8221; button_text_size__hover_enabled=&#8221;off&#8221; button_one_text_size__hover_enabled=&#8221;off&#8221; button_two_text_size__hover_enabled=&#8221;off&#8221; button_text_color__hover_enabled=&#8221;off&#8221; button_one_text_color__hover_enabled=&#8221;off&#8221; button_two_text_color__hover_enabled=&#8221;off&#8221; button_border_width__hover_enabled=&#8221;off&#8221; button_one_border_width__hover_enabled=&#8221;off&#8221; button_two_border_width__hover_enabled=&#8221;off&#8221; button_border_color__hover_enabled=&#8221;off&#8221; button_one_border_color__hover_enabled=&#8221;off&#8221; button_two_border_color__hover_enabled=&#8221;off&#8221; button_border_radius__hover_enabled=&#8221;off&#8221; button_one_border_radius__hover_enabled=&#8221;off&#8221; button_two_border_radius__hover_enabled=&#8221;off&#8221; button_letter_spacing__hover_enabled=&#8221;off&#8221; button_one_letter_spacing__hover_enabled=&#8221;off&#8221; button_two_letter_spacing__hover_enabled=&#8221;off&#8221; button_bg_color__hover_enabled=&#8221;off&#8221; button_one_bg_color__hover_enabled=&#8221;off&#8221; button_two_bg_color__hover_enabled=&#8221;off&#8221;][\/et_pb_contact_field][et_pb_contact_field field_id=&#8221;Email&#8221; field_title=&#8221;E-Posta&#8221; field_type=&#8221;email&#8221; _builder_version=&#8221;4.16&#8243; custom_margin=&#8221;||30px|&#8221; custom_padding=&#8221;|||&#8221; global_colors_info=&#8221;{}&#8221; button_text_size__hover_enabled=&#8221;off&#8221; button_one_text_size__hover_enabled=&#8221;off&#8221; button_two_text_size__hover_enabled=&#8221;off&#8221; button_text_color__hover_enabled=&#8221;off&#8221; button_one_text_color__hover_enabled=&#8221;off&#8221; button_two_text_color__hover_enabled=&#8221;off&#8221; button_border_width__hover_enabled=&#8221;off&#8221; button_one_border_width__hover_enabled=&#8221;off&#8221; button_two_border_width__hover_enabled=&#8221;off&#8221; button_border_color__hover_enabled=&#8221;off&#8221; button_one_border_color__hover_enabled=&#8221;off&#8221; button_two_border_color__hover_enabled=&#8221;off&#8221; button_border_radius__hover_enabled=&#8221;off&#8221; button_one_border_radius__hover_enabled=&#8221;off&#8221; button_two_border_radius__hover_enabled=&#8221;off&#8221; button_letter_spacing__hover_enabled=&#8221;off&#8221; button_one_letter_spacing__hover_enabled=&#8221;off&#8221; button_two_letter_spacing__hover_enabled=&#8221;off&#8221; button_bg_color__hover_enabled=&#8221;off&#8221; button_one_bg_color__hover_enabled=&#8221;off&#8221; button_two_bg_color__hover_enabled=&#8221;off&#8221;][\/et_pb_contact_field][et_pb_contact_field field_id=&#8221;Company&#8221; field_title=&#8221;Telefon&#8221; fullwidth_field=&#8221;on&#8221; _builder_version=&#8221;4.16&#8243; custom_margin=&#8221;||30px|&#8221; custom_padding=&#8221;|||&#8221; global_colors_info=&#8221;{}&#8221; button_text_size__hover_enabled=&#8221;off&#8221; button_one_text_size__hover_enabled=&#8221;off&#8221; button_two_text_size__hover_enabled=&#8221;off&#8221; button_text_color__hover_enabled=&#8221;off&#8221; button_one_text_color__hover_enabled=&#8221;off&#8221; button_two_text_color__hover_enabled=&#8221;off&#8221; button_border_width__hover_enabled=&#8221;off&#8221; button_one_border_width__hover_enabled=&#8221;off&#8221; button_two_border_width__hover_enabled=&#8221;off&#8221; button_border_color__hover_enabled=&#8221;off&#8221; button_one_border_color__hover_enabled=&#8221;off&#8221; button_two_border_color__hover_enabled=&#8221;off&#8221; button_border_radius__hover_enabled=&#8221;off&#8221; button_one_border_radius__hover_enabled=&#8221;off&#8221; button_two_border_radius__hover_enabled=&#8221;off&#8221; button_letter_spacing__hover_enabled=&#8221;off&#8221; button_one_letter_spacing__hover_enabled=&#8221;off&#8221; button_two_letter_spacing__hover_enabled=&#8221;off&#8221; button_bg_color__hover_enabled=&#8221;off&#8221; button_one_bg_color__hover_enabled=&#8221;off&#8221; button_two_bg_color__hover_enabled=&#8221;off&#8221;][\/et_pb_contact_field][et_pb_contact_field field_id=&#8221;Subject&#8221; field_title=&#8221;Konu&#8221; fullwidth_field=&#8221;on&#8221; _builder_version=&#8221;4.16&#8243; custom_margin=&#8221;||30px|&#8221; custom_padding=&#8221;|||&#8221; global_colors_info=&#8221;{}&#8221; button_text_size__hover_enabled=&#8221;off&#8221; button_one_text_size__hover_enabled=&#8221;off&#8221; button_two_text_size__hover_enabled=&#8221;off&#8221; button_text_color__hover_enabled=&#8221;off&#8221; button_one_text_color__hover_enabled=&#8221;off&#8221; button_two_text_color__hover_enabled=&#8221;off&#8221; button_border_width__hover_enabled=&#8221;off&#8221; button_one_border_width__hover_enabled=&#8221;off&#8221; button_two_border_width__hover_enabled=&#8221;off&#8221; button_border_color__hover_enabled=&#8221;off&#8221; button_one_border_color__hover_enabled=&#8221;off&#8221; button_two_border_color__hover_enabled=&#8221;off&#8221; button_border_radius__hover_enabled=&#8221;off&#8221; button_one_border_radius__hover_enabled=&#8221;off&#8221; button_two_border_radius__hover_enabled=&#8221;off&#8221; button_letter_spacing__hover_enabled=&#8221;off&#8221; button_one_letter_spacing__hover_enabled=&#8221;off&#8221; button_two_letter_spacing__hover_enabled=&#8221;off&#8221; button_bg_color__hover_enabled=&#8221;off&#8221; button_one_bg_color__hover_enabled=&#8221;off&#8221; button_two_bg_color__hover_enabled=&#8221;off&#8221;][\/et_pb_contact_field][et_pb_contact_field field_id=&#8221;Message&#8221; field_title=&#8221;Mesaj\u0131n\u0131z&#8221; field_type=&#8221;text&#8221; fullwidth_field=&#8221;on&#8221; _builder_version=&#8221;4.16&#8243; custom_margin=&#8221;||30px|&#8221; global_colors_info=&#8221;{}&#8221; button_text_size__hover_enabled=&#8221;off&#8221; button_one_text_size__hover_enabled=&#8221;off&#8221; button_two_text_size__hover_enabled=&#8221;off&#8221; button_text_color__hover_enabled=&#8221;off&#8221; button_one_text_color__hover_enabled=&#8221;off&#8221; button_two_text_color__hover_enabled=&#8221;off&#8221; button_border_width__hover_enabled=&#8221;off&#8221; button_one_border_width__hover_enabled=&#8221;off&#8221; button_two_border_width__hover_enabled=&#8221;off&#8221; button_border_color__hover_enabled=&#8221;off&#8221; button_one_border_color__hover_enabled=&#8221;off&#8221; button_two_border_color__hover_enabled=&#8221;off&#8221; button_border_radius__hover_enabled=&#8221;off&#8221; button_one_border_radius__hover_enabled=&#8221;off&#8221; button_two_border_radius__hover_enabled=&#8221;off&#8221; button_letter_spacing__hover_enabled=&#8221;off&#8221; button_one_letter_spacing__hover_enabled=&#8221;off&#8221; button_two_letter_spacing__hover_enabled=&#8221;off&#8221; button_bg_color__hover_enabled=&#8221;off&#8221; button_one_bg_color__hover_enabled=&#8221;off&#8221; button_two_bg_color__hover_enabled=&#8221;off&#8221;][\/et_pb_contact_field][\/et_pb_contact_form][\/et_pb_column][\/et_pb_row][\/et_pb_section][et_pb_section fb_built=&#8221;1&#8243; fullwidth=&#8221;on&#8221; admin_label=&#8221;Map&#8221; _builder_version=&#8221;4.16&#8243; custom_margin=&#8221;66px||-16px|||&#8221; custom_padding=&#8221;||0px|||&#8221; da_disable_devices=&#8221;off|off|off&#8221; border_width_top=&#8221;4px&#8221; border_color_top=&#8221;#45B0E5&#8243; border_width_bottom=&#8221;4px&#8221; border_color_bottom=&#8221;#45B0E5&#8243; global_colors_info=&#8221;{}&#8221; da_is_popup=&#8221;off&#8221; da_exit_intent=&#8221;off&#8221; da_has_close=&#8221;on&#8221; da_alt_close=&#8221;off&#8221; da_dark_close=&#8221;off&#8221; da_not_modal=&#8221;on&#8221; da_is_singular=&#8221;off&#8221; da_with_loader=&#8221;off&#8221; da_has_shadow=&#8221;on&#8221;][et_pb_fullwidth_map google_api_key=&#8221;AIzaSyBdQGTQG2cJXZUfQW9FhV0e3A0q6EbP6R0&#8243; zoom_level=&#8221;16&#8243; address_lat=&#8221;39.767571976242&#8243; address_lng=&#8221;30.532690056674&#8243; mouse_wheel=&#8221;off&#8221; _builder_version=&#8221;4.23.1&#8243; _module_preset=&#8221;default&#8221; height=&#8221;485px&#8221; custom_margin=&#8221;-71px|||||&#8221; custom_padding=&#8221;||0px|||&#8221; global_colors_info=&#8221;{}&#8221;][et_pb_map_pin title=&#8221;Alpaslan Hukuk B\u00fcrosu&#8221; zoom_level=&#8221;17&#8243; pin_address_lat=&#8221;39.766770583542&#8243; pin_address_lng=&#8221;30.532604455948&#8243; _builder_version=&#8221;4.14.6&#8243; _module_preset=&#8221;default&#8221; global_colors_info=&#8221;{}&#8221;]<\/p>\n<p><iframe src=\"https:\/\/www.google.com\/maps\/embed?pb=!1m18!1m12!1m3!1d6133.789075135306!2d30.53032842460513!3d39.764476214848514!2m3!1f0!2f0!3f0!3m2!1i1024!2i768!4f13.1!3m3!1m2!1s0x14cc3d42928354a3%3A0xb5e408b5b28b3f41!2sAlpaslan%20Hukuk%20B%C3%BCrosu!5e0!3m2!1str!2str!4v1642251724303!5m2!1str!2str\" width=\"600\" height=\"450\" style=\"border: 0;\" allowfullscreen=\"\" loading=\"lazy\"><\/iframe><\/p>\n<p>[\/et_pb_map_pin][\/et_pb_fullwidth_map][\/et_pb_section]<\/p>","protected":false},"excerpt":{"rendered":"<p>\u0130leti\u015fim(T) +90 (222) 407 00 37(F) +90 (222) 407 00 35(C) +90 (536) 612 59 78Kurtulu\u015f Mah. Cumhuriyet Bulvar\u0131 No:90 Petkon \u0130\u015f Merkezi A Blok D:2-4 Odunpazar\u0131 \/ ESK\u0130\u015eEH\u0130R &nbsp;bilgi@ozguralpaslan.av.tr &nbsp;<\/p>","protected":false},"author":1,"featured_media":0,"parent":0,"menu_order":0,"comment_status":"closed","ping_status":"closed","template":"","meta":{"_et_pb_use_builder":"on","_et_pb_old_content":"<!-- wp:divi\/placeholder \/-->","_et_gb_content_width":"","_joinchat":[],"footnotes":""},"class_list":["post-48","page","type-page","status-publish","hentry"],"jetpack_sharing_enabled":true,"_links":{"self":[{"href":"https:\/\/www.ozguralpaslan.av.tr\/en\/wp-json\/wp\/v2\/pages\/48","targetHints":{"allow":["GET"]}}],"collection":[{"href":"https:\/\/www.ozguralpaslan.av.tr\/en\/wp-json\/wp\/v2\/pages"}],"about":[{"href":"https:\/\/www.ozguralpaslan.av.tr\/en\/wp-json\/wp\/v2\/types\/page"}],"author":[{"embeddable":true,"href":"https:\/\/www.ozguralpaslan.av.tr\/en\/wp-json\/wp\/v2\/users\/1"}],"replies":[{"embeddable":true,"href":"https:\/\/www.ozguralpaslan.av.tr\/en\/wp-json\/wp\/v2\/comments?post=48"}],"version-history":[{"count":34,"href":"https:\/\/www.ozguralpaslan.av.tr\/en\/wp-json\/wp\/v2\/pages\/48\/revisions"}],"predecessor-version":[{"id":2415,"href":"https:\/\/www.ozguralpaslan.av.tr\/en\/wp-json\/wp\/v2\/pages\/48\/revisions\/2415"}],"wp:attachment":[{"href":"https:\/\/www.ozguralpaslan.av.tr\/en\/wp-json\/wp\/v2\/media?parent=48"}],"curies":[{"name":"wp","href":"https:\/\/api.w.org\/{rel}","templated":true}]}}