{"id":1274,"date":"2022-01-18T07:09:19","date_gmt":"2022-01-18T07:09:19","guid":{"rendered":"https:\/\/www.ozguralpaslan.av.tr\/?page_id=1274"},"modified":"2023-11-22T11:26:29","modified_gmt":"2023-11-22T11:26:29","slug":"hakkimizda","status":"publish","type":"page","link":"https:\/\/www.ozguralpaslan.av.tr\/en\/hakkimizda\/","title":{"rendered":"About Us"},"content":{"rendered":"<p>[et_pb_section fb_built=&#8221;1&#8243; _builder_version=&#8221;4.16&#8243; _module_preset=&#8221;default&#8221; custom_padding=&#8221;3px||3px||true|&#8221; da_disable_devices=&#8221;off|off|off&#8221; global_colors_info=&#8221;{}&#8221; use_background_color_gradient=&#8221;on&#8221; background_color_gradient_stops=&#8221;#ac7658 0%|rgba(255,255,255,0) 100%&#8221; background_color_gradient_start=&#8221;#ac7658&#8243; background_color_gradient_end=&#8221;rgba(255,255,255,0)&#8221; top_divider_style=&#8221;arrow3&#8243; top_divider_color=&#8221;#FFFFFF&#8221; top_divider_height=&#8221;77px&#8221; da_is_popup=&#8221;off&#8221; da_exit_intent=&#8221;off&#8221; da_has_close=&#8221;on&#8221; da_alt_close=&#8221;off&#8221; da_dark_close=&#8221;off&#8221; da_not_modal=&#8221;on&#8221; da_is_singular=&#8221;off&#8221; da_with_loader=&#8221;off&#8221; da_has_shadow=&#8221;on&#8221;][et_pb_row _builder_version=&#8221;4.16&#8243; _module_preset=&#8221;default&#8221; custom_padding=&#8221;49px|||0px||&#8221; global_colors_info=&#8221;{}&#8221;][et_pb_column type=&#8221;4_4&#8243; _builder_version=&#8221;4.16&#8243; _module_preset=&#8221;default&#8221; global_colors_info=&#8221;{}&#8221;][et_pb_text _builder_version=&#8221;4.16&#8243; _module_preset=&#8221;default&#8221; header_font=&#8221;|600|||||||&#8221; header_text_color=&#8221;#474747&#8243; header_font_size=&#8221;45px&#8221; custom_margin=&#8221;-9px|||||&#8221; custom_padding=&#8221;1px|||||&#8221; header_text_shadow_style=&#8221;preset4&#8243; header_text_shadow_blur_strength=&#8221;0.31em&#8221; header_text_shadow_color=&#8221;rgba(114,124,137,0.82)&#8221; global_colors_info=&#8221;{}&#8221;]<\/p>\n<h1 style=\"text-align: center;\"><span style=\"color: #ac7658;\">Hakk\u0131m\u0131zda<\/span><\/h1>\n<p>[\/et_pb_text][\/et_pb_column][\/et_pb_row][\/et_pb_section][et_pb_section fb_built=&#8221;1&#8243; _builder_version=&#8221;4.16&#8243; _module_preset=&#8221;default&#8221; custom_padding=&#8221;9px|||||&#8221; da_disable_devices=&#8221;off|off|off&#8221; global_colors_info=&#8221;{}&#8221; da_is_popup=&#8221;off&#8221; da_exit_intent=&#8221;off&#8221; da_has_close=&#8221;on&#8221; da_alt_close=&#8221;off&#8221; da_dark_close=&#8221;off&#8221; da_not_modal=&#8221;on&#8221; da_is_singular=&#8221;off&#8221; da_with_loader=&#8221;off&#8221; da_has_shadow=&#8221;on&#8221;][et_pb_row column_structure=&#8221;1_2,1_2&#8243; _builder_version=&#8221;4.16&#8243; _module_preset=&#8221;default&#8221; custom_margin=&#8221;4px|auto||auto||&#8221; custom_padding=&#8221;8px|||||&#8221; global_colors_info=&#8221;{}&#8221;][et_pb_column type=&#8221;1_2&#8243; _builder_version=&#8221;4.16&#8243; _module_preset=&#8221;default&#8221; global_colors_info=&#8221;{}&#8221;][et_pb_image src=&#8221;https:\/\/www.ozguralpaslan.av.tr\/wp-content\/uploads\/2022\/01\/Logo_Mockup-scaled.jpg&#8221; title_text=&#8221;Logo_Mockup&#8221; align=&#8221;center&#8221; _builder_version=&#8221;4.16&#8243; _module_preset=&#8221;default&#8221; width=&#8221;100%&#8221; max_width=&#8221;100%&#8221; min_height=&#8221;456px&#8221; height=&#8221;390px&#8221; height_tablet=&#8221;390px&#8221; height_phone=&#8221;390px&#8221; height_last_edited=&#8221;on|tablet&#8221; custom_padding=&#8221;|0px|142px|||&#8221; global_colors_info=&#8221;{}&#8221;][\/et_pb_image][\/et_pb_column][et_pb_column type=&#8221;1_2&#8243; _builder_version=&#8221;4.16&#8243; _module_preset=&#8221;default&#8221; global_colors_info=&#8221;{}&#8221;][et_pb_text _builder_version=&#8221;4.16&#8243; _module_preset=&#8221;default&#8221; custom_padding=&#8221;||119px|||&#8221; global_colors_info=&#8221;{}&#8221;]<\/p>\n<h2 style=\"text-align: justify;\"><span style=\"font-size: medium;\">2011 y\u0131l\u0131nda Av. \u00d6zg\u00fcr Alpaslan taraf\u0131ndan kurulan Alpaslan Hukuk B\u00fcrosu ulusal ve uluslararas\u0131 sekt\u00f6rlerde faaliyet g\u00f6steren bir\u00e7ok ger\u00e7ek ve t\u00fczel ki\u015fiye hizmet vermektedir. Ankara, \u0130stanbul, Samsun, Kocaeli ba\u015fta olmak \u00fczere T\u00fcrkiye\u2019de g\u00fc\u00e7l\u00fc bir i\u015f a\u011f\u0131na sahip olan Alpaslan Hukuk B\u00fcrosu ekibinde 7 avukat bulunmaktad\u0131r. Bunun yan\u0131nda 7 ki\u015filik stajyer avukat, icra servisi, muhasebe ve sekreter birimlerinden olu\u015fan\u00a0 destek ekibine sahibiz.<\/span><\/h2>\n<h2 style=\"text-align: justify;\"><span style=\"font-size: medium;\">A\u011f\u0131rl\u0131kl\u0131 \u00e7al\u0131\u015fma alanlar\u0131m\u0131z aras\u0131nda ticari ve idari davalar, konkordato, i\u015f hukuku, icra ve iflas hukuku yer almaktad\u0131r. \u00a0T\u00fcm hizmetlerimize\u00a0 <strong><a href=\"https:\/\/www.ozguralpaslan.av.tr\/calismaalanlari\/\">\u201c\u00c7al\u0131\u015fma Alanlar\u0131m\u0131z\u201d<\/a><\/strong> butonu \u00fczerinden ula\u015fabilirsiniz.<\/span><\/h2>\n<h2 style=\"text-align: justify;\"><span style=\"font-size: medium;\">Alpaslan Hukuk B\u00fcrosu olarak farkl\u0131 hukuk disiplinleri konusunda \u00e7al\u0131\u015fan tak\u0131mlar\u0131m\u0131z\u0131n bilgi ve deneyimlerini b\u00fct\u00fcnle\u015fik olarak m\u00fcvekkillerimizin hizmetine sunmaya \u00f6zen g\u00f6steriyoruz; bu sayede daha etkin ve faydal\u0131 bir sonu\u00e7 yaratabilece\u011fimize inan\u0131yoruz.<\/span><\/h2>\n<p>[\/et_pb_text][\/et_pb_column][\/et_pb_row][\/et_pb_section]<\/p>\n","protected":false},"excerpt":{"rendered":"<p>Hakk\u0131m\u0131zda2011 y\u0131l\u0131nda Av. \u00d6zg\u00fcr Alpaslan taraf\u0131ndan kurulan Alpaslan Hukuk B\u00fcrosu ulusal ve uluslararas\u0131 sekt\u00f6rlerde faaliyet g\u00f6steren bir\u00e7ok ger\u00e7ek ve t\u00fczel ki\u015fiye hizmet vermektedir. Ankara, \u0130stanbul, Samsun, Kocaeli ba\u015fta olmak \u00fczere T\u00fcrkiye\u2019de g\u00fc\u00e7l\u00fc bir i\u015f a\u011f\u0131na sahip olan Alpaslan Hukuk B\u00fcrosu ekibinde 7 avukat bulunmaktad\u0131r. Bunun yan\u0131nda 7 ki\u015filik stajyer avukat, icra servisi, muhasebe ve sekreter [&hellip;]<\/p>\n","protected":false},"author":1,"featured_media":0,"parent":0,"menu_order":0,"comment_status":"closed","ping_status":"closed","template":"","meta":{"_et_pb_use_builder":"on","_et_pb_old_content":"","_et_gb_content_width":"","_joinchat":[],"footnotes":""},"class_list":["post-1274","page","type-page","status-publish","hentry"],"jetpack_sharing_enabled":true,"_links":{"self":[{"href":"https:\/\/www.ozguralpaslan.av.tr\/en\/wp-json\/wp\/v2\/pages\/1274","targetHints":{"allow":["GET"]}}],"collection":[{"href":"https:\/\/www.ozguralpaslan.av.tr\/en\/wp-json\/wp\/v2\/pages"}],"about":[{"href":"https:\/\/www.ozguralpaslan.av.tr\/en\/wp-json\/wp\/v2\/types\/page"}],"author":[{"embeddable":true,"href":"https:\/\/www.ozguralpaslan.av.tr\/en\/wp-json\/wp\/v2\/users\/1"}],"replies":[{"embeddable":true,"href":"https:\/\/www.ozguralpaslan.av.tr\/en\/wp-json\/wp\/v2\/comments?post=1274"}],"version-history":[{"count":15,"href":"https:\/\/www.ozguralpaslan.av.tr\/en\/wp-json\/wp\/v2\/pages\/1274\/revisions"}],"predecessor-version":[{"id":2185,"href":"https:\/\/www.ozguralpaslan.av.tr\/en\/wp-json\/wp\/v2\/pages\/1274\/revisions\/2185"}],"wp:attachment":[{"href":"https:\/\/www.ozguralpaslan.av.tr\/en\/wp-json\/wp\/v2\/media?parent=1274"}],"curies":[{"name":"wp","href":"https:\/\/api.w.org\/{rel}","templated":true}]}}